{"id":767,"date":"2019-02-20T18:07:10","date_gmt":"2019-02-20T17:07:10","guid":{"rendered":"https:\/\/www.caarea.com\/mentions-legales\/"},"modified":"2021-02-12T17:20:37","modified_gmt":"2021-02-12T16:20:37","slug":"mentions-legales","status":"publish","type":"page","link":"https:\/\/www.caarea.com\/ko\/mentions-legales\/","title":{"rendered":"Mentions l\u00e9gales"},"content":{"rendered":"<p class=\"p1\"><span class=\"s1\"><b>\uc0c1\ud638<\/b><\/span><span class=\"s2\">: <\/span><span class=\"s1\">\uce74\ub808\uc544<\/span> (CAAREA)<\/p>\n<p class=\"p2\"><b>\ubc95\uc801<\/b><b> <\/b><b>\ud615\ud0dc<\/b><span class=\"s2\">: <\/span>\ub2e8\uc21c\uc8fc\uc2dd\ud68c\uc0ac<span class=\"s2\">(SAS)<\/span><\/p>\n<p class=\"p3\"><span class=\"s1\"><b>\uc790\ubcf8\uae08<\/b><\/span>: 125,000 <span class=\"s1\">\uc720\ub85c<\/span><\/p>\n<p class=\"p3\"><span class=\"s1\"><b>\uc0ac\uc5c5\uc790\ub4f1\ub85d\ubc88\ud638<\/b><\/span>: 442\u00a0320 438<\/p>\n<p class=\"p3\"><span class=\"s1\"><b>\ucc45\uc784\uc790<\/b><\/span>: <span class=\"s1\">\ube0c\ub8e8\ub178<\/span> <span class=\"s1\">\ub77c\ubd80\uc7a5<\/span>(Bruno Labuzan) <span class=\"s1\">\ud68c\uc7a5<\/span><\/p>\n<p class=\"p5\">\ub514\uc9c0\ud138 \uacbd\uc81c\uc758 \uc0c1\ud638 \uc2e0\ub8b0\uc5d0 \uad00\ud55c<span class=\"s2\"> 2004<\/span>\ub144<span class=\"s2\"> 6<\/span>\uc6d4<span class=\"s2\"> 21<\/span>\uc77c\uc790 \ubc95\ub960 \uc81c<span class=\"s2\">2004-575<\/span>\ud638\uc5d0 \uc758\uac70\ud558\uc5ec<span class=\"s2\">, <\/span>\ubcf8 \uc6f9\uc0ac\uc774\ud2b8\ub294 \uce74\ub808\uc544\uc758 \uc7ac\uc0b0\uc774\ub77c\ub294 \uac83\uc744 \uc54c\ub824\ub4dc\ub9bd\ub2c8\ub2e4<span class=\"s2\">.<span class=\"Apple-converted-space\">\u00a0<\/span><\/span><\/p>\n<p class=\"p5\">\ubcf8 \uc6f9\uc0ac\uc774\ud2b8\ub294<span class=\"s3\">Adveris<\/span>\uc0ac\uc5d0\uc11c \uc81c\uc791\ud558\uc600\uc2b5\ub2c8\ub2e4<span class=\"s3\">.<\/span><\/p>\n<p class=\"p6\"><span class=\"s1\">\ubcf8<\/span> <span class=\"s1\">\uc6f9\uc0ac\uc774\ud2b8\uc758<\/span> <span class=\"s1\">\ud638\uc2a4\ud305\uc740<\/span><span class=\"s3\"> OVH<\/span><span class=\"s1\">\uc0ac\uac00<\/span> <span class=\"s1\">\ub2f4\ub2f9\ud569\ub2c8\ub2e4<\/span><span class=\"s3\">. OVH<\/span><span class=\"s1\">\uc0ac\uc758<\/span> <span class=\"s1\">\ubcf8\uc0ac<\/span> <span class=\"s1\">\uc8fc\uc18c\ub294<\/span> 2 rue Kellermann \u2013 59100 Roubaix \u2013 France<span class=\"s1\">\uc785\ub2c8\ub2e4<\/span><span class=\"s3\">.<\/span><\/p>\n<p class=\"p5\">\ubcf8 \uc6f9\uc0ac\uc774\ud2b8\ub294 \ud504\ub791\uc2a4 \ubc95\uc758 \uc801\uc6a9\uc744 \ubc1b\uc2b5\ub2c8\ub2e4<span class=\"s2\">. <\/span>\ud504\ub791\uc2a4 \uc678 \uad6d\uac00\uc5d0\uc11c \ubcf8 \uc6f9\uc0ac\uc774\ud2b8\ub97c \ubc29\ubb38\ud55c \uacbd\uc6b0<span class=\"s2\">, <\/span>\ubc29\ubb38\uac1d\uaed8\uc11c\ub294 \ud574\ub2f9 \uc9c0\uc5ed\uc5d0\uc11c \uc801\uc6a9\ub418\ub294 \ubc95\ub960\uc744 \uc900\uc218\ud574 \uc8fc\uc2dc\uae30\ub97c \ubc14\ub78d\ub2c8\ub2e4<span class=\"s2\">.<\/span><\/p>\n<p class=\"p5\">\ubcf8 \ubc95\uc801 \uace0\uc9c0\ub294 \uc5b8\uc81c\ub4e0\uc9c0 \uc0ac\uc804 \uace0\uc9c0 \uc5c6\uc774 \uc218\uc815\ub420 \uc218 \uc788\uc73c\ubbc0\ub85c \ubc29\ubb38\uac1d\uaed8\uc11c\ub294 \ubc95\uc801 \uace0\uc9c0\ub97c \uc8fc\uae30\uc801\uc73c\ub85c \uac80\ud1a0\ud574 \uc8fc\uc2dc\uae30\ub97c \ubc14\ub78d\ub2c8\ub2e4<span class=\"s3\">.<\/span><\/p>\n<p class=\"p7\">\uc9c0\uc801\uc7ac\uc0b0\uad8c<\/p>\n<p class=\"p5\">\ubcf8 \uc6f9\uc0ac\uc774\ud2b8 \ubc0f \uadf8 \ub0b4\uc6a9\uc5d0 \uad00\ud55c \ubcf5\uc81c\uad8c\uacfc \uc9c0\uc801\uc7ac\uc0b0\uad8c\uc744 \ud3ec\ud568\ud55c \ubaa8\ub4e0 \uc7ac\uc0b0\uad8c\uc740 \uce74\ub808\uc544\uc5d0 \uc788\uc2b5\ub2c8\ub2e4<span class=\"s3\">.<\/span> \uce74\ub808\uc544\uc758 \uc11c\uba74 \ud5c8\uac00 \uc5c6\uc774 \ubcf8 \uc6f9\uc0ac\uc774\ud2b8 \ubc0f \uadf8 \ub0b4\uc6a9\uc758 \uc77c\ubd80 \ub610\ub294 \uc804\uccb4\ub97c \ubcf5\uc81c\ud558\ub294 \uac83\uc740 \uc5c4\uaca9\ud788 \uae08\uc9c0\ub429\ub2c8\ub2e4<span class=\"s3\">.<span class=\"Apple-converted-space\">\u00a0<\/span><\/span><\/p>\n<p class=\"p5\">\ubcf8 \uc6f9\uc0ac\uc774\ud2b8\uc5d0\uc11c \uc0ac\uc6a9\ub418\ub294 \ub85c\uace0 \ubc0f \uae30\ud0c0 \ubaa8\ub4e0 \uc2dd\ubcc4\ub825\uc774 \uc788\ub294 \ud45c\uc9c0\ub4e4\uc740 \uce74\ub808\uc544\uc758 \uc7ac\uc0b0\uc774\ubbc0\ub85c<span class=\"s3\">, <\/span>\uc0ac\uc6a9\uc744 \uc6d0\ud560 \uacbd\uc6b0\uc5d0\ub294 \ud5c8\uac00\uac00 \ud544\uc694\ud569\ub2c8\ub2e4<span class=\"s3\">.<\/span> \uce74\ub808\uc544 \ub610\ub294 \uc18c\uc720\uad8c\uc774 \uc788\ub294 \uc81c<span class=\"s3\">3<\/span>\uc790\uc758 \uc11c\uba74 \ud5c8\uac00 \uc5c6\uc774\ub294 \ub85c\uace0 \ubc0f \uae30\ud0c0 \ubaa8\ub4e0 \uc2dd\ubcc4\ub825\uc774 \uc788\ub294 \ud45c\uc9c0\ub4e4\uc744 \uc0ac\uc6a9\ud560 \uc218 \uc788\ub294 \ub77c\uc774\uc120\uc2a4\ub098 \uad8c\ub9ac\uac00 \ud5c8\uc5ec\ub420 \uc218 \uc5c6\uc2b5\ub2c8\ub2e4<span class=\"s3\">.<\/span><\/p>\n<p class=\"p7\">\ubcf4\uc99d \ubc0f \ucc45\uc784\uc758 \uc81c\uc678<\/p>\n<p class=\"p5\">\ubcf8 \uc6f9\uc0ac\uc774\ud2b8\uc758 \uc0ac\uc6a9\uc790\ub294 \uc0ac\uc774\ud2b8 \uc774\uc6a9\uc870\uac74\uc744 \uc778\uc9c0\ud558\uace0 \uc900\uc218\ud560 \uac83\uc744 \uc57d\uc18d\ud569\ub2c8\ub2e4<span class=\"s3\">.<span class=\"Apple-converted-space\">\u00a0<\/span><\/span><\/p>\n<p class=\"p5\">\uce74\ub808\uc544\ub294 \uc0ac\uc774\ud2b8 \uc811\uc18d \ubc0f \uc774\uc6a9<span class=\"s3\">, <\/span>\uc0ac\uc774\ud2b8 \ub0b4 \uc815\ubcf4 \uc774\uc6a9 \ub610\ub294 \uc0ac\uc774\ud2b8 \ub0b4 \ucef4\ud4e8\ud130 \ubc14\uc774\ub7ec\uc2a4\uc5d0\uc11c \ube44\ub86f\ub420 \uc218 \uc788\ub294 \uc9c1\uc811\uc801 \ud639\uc740 \uac04\uc811\uc801 \ud53c\ud574<span class=\"s3\">, <\/span>\uc0ac\uc774\ud2b8 \uc811\uc18d \ubd88\uac00<span class=\"s3\">, <\/span>\ub370\uc774\ud130 \uc720\uc2e4<span class=\"s3\">, <\/span>\uc190\uc0c1<span class=\"s3\">, <\/span>\ud30c\uad34 \ub610\ub294 \uc0ac\uc6a9\uc790\uc758 \uc815\ubcf4\ud1b5\uc2e0\uc7a5\ube44\uc5d0 \ud53c\ud574\ub97c \ub07c\uce60 \uc218 \uc788\ub294 \ucef4\ud4e8\ud130 \ubc14\uc774\ub7ec\uc2a4 \uac10\uc5fc \ub4f1\uc5d0 \uad00\ud55c \ucc45\uc784\uc744 \ubd80\ub2f4\ud558\uc9c0 \uc54a\uc2b5\ub2c8\ub2e4<span class=\"s3\">.<span class=\"Apple-converted-space\">\u00a0<\/span><\/span><\/p>\n<p class=\"p5\">\uce74\ub808\uc544\ub294 \ubcf8 \uc6f9\uc0ac\uc774\ud2b8\uc5d0\uc11c \uc2e0\ub8b0\ud560 \uc218 \uc788\ub294 \uc815\ubcf4\ub97c \uc81c\uacf5\ud558\uae30 \uc704\ud574 \ub178\ub825\ud569\ub2c8\ub2e4<span class=\"s3\">. <\/span>\uadf8\ub7fc\uc5d0\ub3c4 \ubd88\uad6c\ud558\uace0 \uc77c\ubd80 \uc815\ubcf4 \uc911\uc5d0\ub294 \ubd80\uc815\ud655\ud558\uac70\ub098 \uc0dd\ub7b5\ub41c \ubd80\ubd84\uc774 \uc788\uc744 \uc218 \uc788\uc73c\uba70<span class=\"s3\">, <\/span>\uce74\ub808\uc544\ub294 \uc815\ubcf4\ub098 \uc11c\ube44\uc2a4\uc758 \uc624\ub958<span class=\"s3\">, <\/span>\uc0dd\ub7b5 \ub610\ub294 \uc0ac\uc6a9 \ubd88\uac00\uc5d0 \uad00\ud55c \ucc45\uc784\uc744 \ubd80\ub2f4\ud558\uc9c0 \uc54a\uc2b5\ub2c8\ub2e4<span class=\"s3\">. <\/span>\uce74\ub808\uc544\ub294 \uc5b8\uc81c\ub4e0\uc9c0 \uc0ac\uc804 \uace0\uc9c0 \uc5c6\uc774 \uc0ac\uc774\ud2b8 \uc815\ubcf4\ub97c \uc218\uc815\ud560 \uc218 \uc788\ub294 \uad8c\ub9ac\ub97c \uac00\uc9c0\uace0 \uc788\uc2b5\ub2c8\ub2e4<span class=\"s3\">. <\/span>\uc774\uc5d0 \ub530\ub77c \uc0ac\uc6a9\uc790\ub294 \uc0ac\uc6a9\uc790\uc758 \ubc30\ud0c0\uc801 \ucc45\uc784 \ud558\uc5d0 \uc815\ubcf4\ub97c \uc774\uc6a9\ud55c\ub2e4\ub294 \uc810\uc744 \uc778\uc815\ud569\ub2c8\ub2e4<span class=\"s3\">.<\/span><\/p>\n<p class=\"p6\">\n<p class=\"p7\">\uc0ac\uc0dd\ud65c<span class=\"s5\"> \u2013 <\/span>\uac1c\uc778\uc815\ubcf4\ubcf4\ud638<\/p>\n<p class=\"p5\">\uce74\ub808\uc544\ub294 \ubc1c\ud6a8\ub41c \ubc95\uaddc\ub97c \uc900\uc218\ud558\uc5ec \uc0ac\uc0dd\ud65c \uce68\ud574\uc758 \ubc29\uc9c0 \ubc0f \uac1c\uc778\uc815\ubcf4 \ubcf4\ud638\ub97c \uc704\ud558\uc5ec \uac1c\uc778\uc815\ubcf4 \ubcf4\ud638\ucc45\uc784\uc790\ub97c \uc9c0\uc815\ud558\uace0 \uc788\uc2b5\ub2c8\ub2e4<span class=\"s2\">. <\/span>\uac1c\uc778\uc815\ubcf4 \ubcf4\ud638\ucc45\uc784\uc790\uc758 \uc5ed\ud560\uc740 \uac1c\uc778\uc815\ubcf4\ubcf4\ud638\uc5d0 \uad00\ud55c<span class=\"s3\"> 1978<\/span>\ub144<span class=\"s3\"> 1<\/span>\uc6d4<span class=\"s3\"> 6<\/span>\uc77c\uc790 \ud504\ub791\uc2a4 \ubc95\ub960 \uac1c\uc815\uc548 \ubc0f \uadf8\uc5d0 \uad00\ud55c<span class=\"s3\"> 2005<\/span>\ub144<span class=\"s3\"> 10<\/span>\uc6d4<span class=\"s3\"> 20<\/span>\uc77c\uc790 \uc2dc\ud589\ub839\uc744 \ubcf4\uc644\ud558\ub294 \uc720\ub7fd\uc5f0\ud569 \uc77c\ubc18 \ub370\uc774\ud130 \ubcf4\ud638 \uaddc\uce59<span class=\"s3\">(GDPR)<\/span>\uc5d0 \uc815\uc758\ub418\uc5b4 \uc788\uc2b5\ub2c8\ub2e4<span class=\"s3\">.<\/span><\/p>\n<p class=\"p5\">\uadc0\ud558\uac00 \ub2f9\uc0ac\uc5d0 \uc804\ub2ec\ud560 \uc218 \uc788\ub294 \uae30\uba85\uc815\ubcf4\uc640 \uad00\ub828\ud558\uc5ec<span class=\"s2\">, <\/span>\uadc0\ud558\ub294 \uac1c\uc778\uc815\ubcf4 \ucc98\ub9ac\uc5d0 \ub300\ud55c \uc790\uc5f0\uc778\uc758 \ubcf4\ud638\uc5d0 \uad00\ud55c<span class=\"s2\"> 2004<\/span>\ub144<span class=\"s2\"> 8<\/span>\uc6d4<span class=\"s2\"> 6<\/span>\uc77c\uc790 \ud504\ub791\uc2a4 \ubc95\ub960 \uc81c<span class=\"s2\">2004-801<\/span>\ud638\uc5d0 \ub530\ub77c \uc815\ubcf4\ub97c \uc5f4\ub78c<span class=\"s2\">, <\/span>\uc218\uc815<span class=\"s2\">, <\/span>\uc815\uc815<span class=\"s2\">, <\/span>\uc0ad\uc81c\ud560 \uc218 \uc788\ub294 \uad8c\ub9ac\ub97c \uac00\uc9d1\ub2c8\ub2e4<span class=\"s2\">. <\/span>\uad8c\ub9ac \ud589\uc0ac\ub97c \uc6d0\ud558\uc2dc\ub294 \uacbd\uc6b0 \ub2e4\uc74c \uc8fc\uc18c\ub85c \uc6b0\ud3b8\uc744 \ubcf4\ub0b4\uc8fc\uc2dc\uae30\ub97c \ubc14\ub78d\ub2c8\ub2e4<span class=\"s2\">.<\/span><\/p>\n<p class=\"p6\">CAAREA<\/p>\n<p class=\"p6\">3 quai de Dion Bouton<\/p>\n<p class=\"p6\">92800 Puteaux \u2013 France<\/p>\n<p class=\"p5\">\uce74\ub808\uc544\ub294 \uc0ac\uc5c5\uc0c1 \uc774\uc720\ub85c \uc218\uc9d1\ud55c \uc815\ubcf4\ub97c \ub2e4\ub978 \uad6d\uac00\ub85c \uc774\uc804\ud560 \uc218 \uc788\uc73c\uba70<span class=\"s3\">, <\/span>\uc774\uc804\uc758 \ubaa9\uc801\uc740 \ud574\ub2f9 \uc815\ubcf4\uac00 \ucc98\uc74c \uc218\uc9d1\ub418\uc5c8\uc744 \ub2f9\uc2dc\uc758 \ubaa9\uc801\uc774\uac70\ub098 \ud639\uc740 \uadf8 \ud6c4 \uc815\ubcf4\uc81c\uacf5\uc790\uac00 \ub3d9\uc758\ud55c \ubc14 \uc788\ub294 \ubaa9\uc801\uc77c \uc218 \uc788\uc2b5\ub2c8\ub2e4<span class=\"s3\">. <\/span>\ud574\ub2f9 \uc815\ubcf4\ub97c \uc81c<span class=\"s3\">3<\/span>\uad6d\uc73c\ub85c \uc774\uc804\ud558\ub294 \uacbd\uc6b0<span class=\"s3\">, <\/span>\uce74\ub808\uc544\ub294 \ubc1c\uc0dd \uac00\ub2a5\ud55c \ubaa8\ub4e0 \ud53c\ud574\ub97c \ubc29\uc9c0\ud558\uae30 \uc704\ud558\uc5ec \ud544\uc694\ud55c \ubaa8\ub4e0 \uc870\uce58\ub97c \ucde8\ud560 \uac83\uc785\ub2c8\ub2e4<span class=\"s3\">. <\/span>\uc815\ubcf4\ub294 \uc720\ub7fd\uc5f0\ud569 \ud68c\uc6d0\uad6d\uc774 \uc544\ub2cc \uad6d\uac00\ub85c\ub3c4 \uc774\uc804\ub420 \uc218 \uc788\uc73c\ub098<span class=\"s3\">, <\/span>\uc624\ub85c\uc9c0 \uc801\uc815\ud55c \uc218\uc900\uc73c\ub85c \uac1c\uc778\uc815\ubcf4 \ubcf4\ud638\uc870\uce58\ub97c \uc2dc\ud589\ud558\uace0 \uc788\ub294 \uad6d\uac00\ub85c\ub9cc \uc774\uc804\ub41c\ub2e4\ub294 \uc810\uc744 \uc54c\ub824\ub4dc\ub9bd\ub2c8\ub2e4<span class=\"s3\">.<\/span><\/p>\n<p class=\"p5\">\uc218\uc9d1\ub41c \uc815\ubcf4\ub294 \uc815\ubcf4\ud654 \ucc98\ub9ac \ub300\uc0c1\uc774 \ub429\ub2c8\ub2e4<span class=\"s2\">. <\/span>\uc815\ubcf4\uc81c\uacf5\uc790\ub294 \uc790\uc2e0\uacfc \uad00\ub828\ub41c \uc815\ubcf4\ub97c \uc5f4\ub78c<span class=\"s2\">, <\/span>\uc218\uc815<span class=\"s2\">, <\/span>\uc815\uc815<span class=\"s2\">, <\/span>\uc0ad\uc81c\ud560 \uc218 \uc788\ub294 \uad8c\ub9ac<span class=\"s2\">(<\/span>\ud504\ub791\uc2a4 \uac1c\uc778\uc815\ubcf4\ubcf4\ud638\ubc95 \uc81c<span class=\"s2\">34<\/span>\uc870\uc5d0 \uc758\uac70<span class=\"s2\">)<\/span>\ub97c \uac00\uc9d1\ub2c8\ub2e4<span class=\"s2\">. <\/span>\uad8c\ub9ac \ud589\uc0ac\ub97c \uc704\ud574\uc11c\ub294<span class=\"s2\"> <a href=\"mailto:contact@caarea.com\"><span class=\"s6\">contact@caarea.com<\/span><\/a><\/span>\ub85c \uc5f0\ub77d\uc8fc\uc2dc\uae30\ub97c \ubc14\ub78d\ub2c8\ub2e4<span class=\"s3\">. <\/span>\ub610\ud55c \uc815\ubcf4\uc81c\uacf5\uc790\ub294 \ubcf8\uc778\uc758 \uc0ac\ub9dd \ud6c4 \uc815\ubcf4 \uad00\ub9ac\uc5d0 \uad00\ud55c \uc9c0\uce68\uc744 \uce74\ub808\uc544\uc5d0 \uc81c\uacf5\ud560 \uc218 \uc788\uc2b5\ub2c8\ub2e4<span class=\"s3\">.<\/span><\/p>\n<p class=\"p6\">\n<p class=\"p6\">\n<p class=\"p5\">\ubcf8 \uc6f9\uc0ac\uc774\ud2b8\uc5d0\uc11c \uc218\uc9d1\ub41c \uac1c\uc778\uc815\ubcf4\ub294 \ubc95\uc801 \uc720\ud6a8\uae30\uac04\uc774 \ub9cc\ub8cc\ub420 \ub54c\uae4c\uc9c0 \ubcf4\uad00\ub429\ub2c8\ub2e4<span class=\"s2\">.<span class=\"Apple-converted-space\">\u00a0<\/span><\/span><\/p>\n<p class=\"p7\">\ucfe0\ud0a4 \ubc0f \ud0dc\uadf8<\/p>\n<p class=\"p5\">\ubcf8 \uc6f9\uc0ac\uc774\ud2b8 \uc774\uc6a9 \uc2dc<span class=\"s2\">, <\/span>\uadc0\ud558\uc758 \uc0ac\uc774\ud2b8 \ub0b4 \ud65c\ub3d9\uacfc \uad00\ub828\ub41c \uc815\ubcf4\uac00 \uadc0\ud558\uc758 \uae30\uae30<span class=\"s2\">(<\/span>\ucef4\ud4e8\ud130<span class=\"s2\">, <\/span>\ud0dc\ube14\ub9bf<span class=\"s2\">, <\/span>\uc2a4\ub9c8\ud2b8\ud3f0 \ub4f1<span class=\"s2\">)<\/span>\uc5d0<span class=\"s2\"> \u2018<\/span>\ucfe0\ud0a4<span class=\"s2\">\u2019<\/span>\ub77c\ub294 \ud30c\uc77c\ub85c \uc800\uc7a5\ub420 \uc218 \uc788\uc2b5\ub2c8\ub2e4<span class=\"s2\">.<span class=\"Apple-converted-space\">\u00a0<\/span><\/span><\/p>\n<p class=\"p6\">\n<p class=\"p5\">\ub2f9\uc0ac\ub294 \ucfe0\ud0a4\ub97c \ud1b5\ud574 \ubcf8 \uc6f9\uc0ac\uc774\ud2b8\uc758 \ubc29\ubb38 \ub0b4\uc5ed\uc744 \ud30c\uc545\ud560 \uc218 \uc788\uc2b5\ub2c8\ub2e4<span class=\"s2\">.<\/span><\/p>\n<p class=\"p6\">\n<p class=\"p5\">\uadc0\ud558\ub294 \ube0c\ub77c\uc6b0\uc800 \uc124\uc815\uc744 \ud1b5\ud574 \ucfe0\ud0a4 \ud5c8\uc6a9 \uc5ec\ubd80\ub97c \uacb0\uc815\ud560 \uc218 \uc788\uc2b5\ub2c8\ub2e4<span class=\"s3\">.<\/span><\/p>\n<ul class=\"ul1\">\n<li class=\"li8\"><a href=\"http:\/\/docs.info.apple.com\/article.html?path=Safari\/3.0\/fr\/9277.html\"><span class=\"s7\">\uc0ac\ud30c\ub9ac<\/span><\/a><\/li>\n<li class=\"li9\"><a href=\"http:\/\/support.google.com\/chrome\/bin\/answer.py?hl=fr&amp;hlrm=en&amp;answer=95647\"><span class=\"s8\">\ud06c\ub86c<\/span><\/a><\/li>\n<li class=\"li10\"><span class=\"s9\"><a href=\"http:\/\/support.mozilla.org\/fr\/kb\/Activer%2520et%2520d%25C3%25A9sactiver%2520les%2520cookies\"><span class=\"s8\">\ud30c\uc774\uc5b4\ud3ed\uc2a4<\/span><\/a><\/span><\/li>\n<li class=\"li11\"><span class=\"s10\"><a href=\"http:\/\/windows.microsoft.com\/fr-FR\/windows-vista\/Block-or-allow-cookies\"><span class=\"s7\">\uc778\ud130\ub137<\/span> <span class=\"s7\">\uc775\uc2a4\ud50c\ub85c\ub7ec<\/span><\/a><\/span><\/li>\n<li class=\"li8\"><a href=\"https:\/\/support.apple.com\/fr-fr\/HT201265\"><span class=\"s11\">iOS<\/span><\/a><\/li>\n<\/ul>\n<p class=\"p6\">\n<p class=\"p7\">\ub2e4\ub978 \uc0ac\uc774\ud2b8\ub85c\uc758 \ub9c1\ud06c<\/p>\n<p class=\"p5\">\ubcf8 \uc6f9\uc0ac\uc774\ud2b8\ub294 \ub2e4\ub978 \uc6f9 \uc0ac\uc774\ud2b8 \ub610\ub294 \uc778\ud130\ub137 \uc18c\uc2a4\uc5d0 \ub300\ud55c \ub9c1\ud06c\ub97c \uc81c\uacf5\ud558\uace0 \uc788\uc2b5\ub2c8\ub2e4<span class=\"s2\">. <\/span>\uce74\ub808\uc544\ub294 \uc774\ub7ec\ud55c \uc6f9\uc0ac\uc774\ud2b8 \ubc0f \uc678\ubd80 \uc18c\uc2a4\ub97c \uc81c\uc5b4\ud560 \uc218 \uc5c6\uc73c\ubbc0\ub85c \ud574\ub2f9 \uc6f9\uc0ac\uc774\ud2b8 \ubc0f \uc678\ubd80 \uc18c\uc2a4\uc758 \uac00\uc6a9\uc131\uc5d0 \ub300\ud558\uc5ec \ucc45\uc784\uc744 \uc9c0\uc9c0 \uc54a\uc73c\uba70<span class=\"s2\">, <\/span>\uc774\ub7ec\ud55c \uc6f9\uc0ac\uc774\ud2b8 \ub610\ub294 \uc678\ubd80 \uc18c\uc2a4\uc5d0\uc11c \uc0ac\uc6a9\ud560 \uc218 \uc788\ub294 \ucf58\ud150\uce20<span class=\"s2\">, <\/span>\uad11\uace0<span class=\"s2\">, <\/span>\uc0c1\ud488<span class=\"s2\">, <\/span>\uc11c\ube44\uc2a4<span class=\"s2\">, <\/span>\uae30\ud0c0 \ubaa8\ub4e0 \uc815\ubcf4\uc5d0 \ub300\ud574 \uc5b4\ub5a0\ud55c \ucc45\uc784\ub3c4 \uc9c0\uc9c0 \uc54a\uc2b5\ub2c8\ub2e4<span class=\"s2\">.<\/span><\/p>\n<p class=\"p5\">\ub9c1\ud06c \uc81c\uacf5\uc740 \uce74\ub808\uc544\uc758 \uc11c\ube44\uc2a4\uc774\uba70<span class=\"s2\">, <\/span>\ub9c1\ud06c\uc758 \ud65c\uc131\ud654 \uc5ec\ubd80\ub294 \uc624\ub85c\uc9c0 \uadc0\ud558\ub9cc\uc774 \uacb0\uc815\ud560 \uc218 \uc788\uc2b5\ub2c8\ub2e4<span class=\"s3\">.<\/span><span class=\"s2\"><span class=\"Apple-converted-space\">\u00a0 <\/span><\/span>\ud0c0\uc0ac \uc6f9\uc0ac\uc774\ud2b8\ub97c \uc774\uc6a9\ud558\uc2e4 \ub54c\uc5d0\ub294 \ud574\ub2f9 \uc0ac\uc774\ud2b8\uc758 \uc774\uc6a9 \uc57d\uad00\uc744 \uc900\uc218\ud574\uc57c \ud569\ub2c8\ub2e4<span class=\"s2\">.<\/span><\/p>\n","protected":false},"excerpt":{"rendered":"<p>\uc0c1\ud638: \uce74\ub808\uc544 (CAAREA) \ubc95\uc801 \ud615\ud0dc: \ub2e8\uc21c\uc8fc\uc2dd\ud68c\uc0ac(SAS) \uc790\ubcf8\uae08: 125,000 \uc720\ub85c \uc0ac\uc5c5\uc790\ub4f1\ub85d\ubc88\ud638: 442\u00a0320 438 \ucc45\uc784\uc790: \ube0c\ub8e8\ub178 \ub77c\ubd80\uc7a5(Bruno Labuzan) \ud68c\uc7a5 \ub514\uc9c0\ud138 \uacbd\uc81c\uc758 \uc0c1\ud638 \uc2e0\ub8b0\uc5d0 \uad00\ud55c 2004\ub144 6\uc6d4 21\uc77c\uc790 \ubc95\ub960 \uc81c2004-575\ud638\uc5d0 \uc758\uac70\ud558\uc5ec, \ubcf8 \uc6f9\uc0ac\uc774\ud2b8\ub294 \uce74\ub808\uc544\uc758 \uc7ac\uc0b0\uc774\ub77c\ub294 \uac83\uc744 \uc54c\ub824\ub4dc\ub9bd\ub2c8\ub2e4.\u00a0 \ubcf8 \uc6f9\uc0ac\uc774\ud2b8\ub294Adveris\uc0ac\uc5d0\uc11c \uc81c\uc791\ud558\uc600\uc2b5\ub2c8\ub2e4. \ubcf8 \uc6f9\uc0ac\uc774\ud2b8\uc758 \ud638\uc2a4\ud305\uc740 OVH\uc0ac\uac00 \ub2f4\ub2f9\ud569\ub2c8\ub2e4. OVH\uc0ac\uc758 \ubcf8\uc0ac \uc8fc\uc18c\ub294 2 rue Kellermann \u2013 59100 Roubaix \u2013 France\uc785\ub2c8\ub2e4. \ubcf8 \uc6f9\uc0ac\uc774\ud2b8\ub294 [&hellip;]<\/p>\n","protected":false},"author":1,"featured_media":0,"parent":0,"menu_order":0,"comment_status":"closed","ping_status":"closed","template":"templates\/cms.php","meta":{"_acf_changed":false,"footnotes":""},"class_list":["post-767","page","type-page","status-publish","hentry"],"acf":[],"yoast_head":"<!-- This site is optimized with the Yoast SEO plugin v27.2 - https:\/\/yoast.com\/product\/yoast-seo-wordpress\/ -->\n<title>Mentions l\u00e9gales - Caarea<\/title>\n<meta name=\"description\" content=\"Mentions l\u00e9gales D\u00e9couvrez CAAREA, soci\u00e9t\u00e9 de souscription (MGA) et gestion (Insurtech) en (Re)assurance affinitaire automobile, qui renforce la cha\u00eene de valeur de ses partenaires depuis 15 ans.\" \/>\n<meta name=\"robots\" content=\"index, follow, max-snippet:-1, max-image-preview:large, max-video-preview:-1\" \/>\n<link rel=\"canonical\" href=\"https:\/\/www.caarea.com\/ko\/mentions-legales\/\" \/>\n<meta property=\"og:locale\" content=\"ko_KR\" \/>\n<meta property=\"og:type\" content=\"article\" \/>\n<meta property=\"og:title\" content=\"Mentions l\u00e9gales - Caarea\" \/>\n<meta property=\"og:description\" content=\"Mentions l\u00e9gales D\u00e9couvrez CAAREA, soci\u00e9t\u00e9 de souscription (MGA) et gestion (Insurtech) en (Re)assurance affinitaire automobile, qui renforce la cha\u00eene de valeur de ses partenaires depuis 15 ans.\" \/>\n<meta property=\"og:url\" content=\"https:\/\/www.caarea.com\/ko\/mentions-legales\/\" \/>\n<meta property=\"og:site_name\" content=\"Caarea\" \/>\n<meta property=\"article:modified_time\" content=\"2021-02-12T16:20:37+00:00\" \/>\n<meta name=\"twitter:card\" content=\"summary_large_image\" \/>\n<meta name=\"twitter:label1\" content=\"\uc608\uc0c1 \ub418\ub294 \ud310\ub3c5 \uc2dc\uac04\" \/>\n\t<meta name=\"twitter:data1\" content=\"3\ubd84\" \/>\n<script type=\"application\/ld+json\" class=\"yoast-schema-graph\">{\"@context\":\"https:\/\/schema.org\",\"@graph\":[{\"@type\":\"WebPage\",\"@id\":\"https:\/\/www.caarea.com\/ko\/mentions-legales\/\",\"url\":\"https:\/\/www.caarea.com\/ko\/mentions-legales\/\",\"name\":\"Mentions l\u00e9gales - Caarea\",\"isPartOf\":{\"@id\":\"https:\/\/www.caarea.com\/#website\"},\"datePublished\":\"2019-02-20T17:07:10+00:00\",\"dateModified\":\"2021-02-12T16:20:37+00:00\",\"description\":\"Mentions l\u00e9gales D\u00e9couvrez CAAREA, soci\u00e9t\u00e9 de souscription (MGA) et gestion (Insurtech) en (Re)assurance affinitaire automobile, qui renforce la cha\u00eene de valeur de ses partenaires depuis 15 ans.\",\"breadcrumb\":{\"@id\":\"https:\/\/www.caarea.com\/ko\/mentions-legales\/#breadcrumb\"},\"inLanguage\":\"ko-KR\",\"potentialAction\":[{\"@type\":\"ReadAction\",\"target\":[\"https:\/\/www.caarea.com\/ko\/mentions-legales\/\"]}]},{\"@type\":\"BreadcrumbList\",\"@id\":\"https:\/\/www.caarea.com\/ko\/mentions-legales\/#breadcrumb\",\"itemListElement\":[{\"@type\":\"ListItem\",\"position\":1,\"name\":\"Home\",\"item\":\"https:\/\/www.caarea.com\/ko\/\"},{\"@type\":\"ListItem\",\"position\":2,\"name\":\"Mentions l\u00e9gales\"}]},{\"@type\":\"WebSite\",\"@id\":\"https:\/\/www.caarea.com\/#website\",\"url\":\"https:\/\/www.caarea.com\/\",\"name\":\"Caarea\",\"description\":\"\",\"potentialAction\":[{\"@type\":\"SearchAction\",\"target\":{\"@type\":\"EntryPoint\",\"urlTemplate\":\"https:\/\/www.caarea.com\/?s={search_term_string}\"},\"query-input\":{\"@type\":\"PropertyValueSpecification\",\"valueRequired\":true,\"valueName\":\"search_term_string\"}}],\"inLanguage\":\"ko-KR\"}]}<\/script>\n<!-- \/ Yoast SEO plugin. -->","yoast_head_json":{"title":"Mentions l\u00e9gales - Caarea","description":"Mentions l\u00e9gales D\u00e9couvrez CAAREA, soci\u00e9t\u00e9 de souscription (MGA) et gestion (Insurtech) en (Re)assurance affinitaire automobile, qui renforce la cha\u00eene de valeur de ses partenaires depuis 15 ans.","robots":{"index":"index","follow":"follow","max-snippet":"max-snippet:-1","max-image-preview":"max-image-preview:large","max-video-preview":"max-video-preview:-1"},"canonical":"https:\/\/www.caarea.com\/ko\/mentions-legales\/","og_locale":"ko_KR","og_type":"article","og_title":"Mentions l\u00e9gales - Caarea","og_description":"Mentions l\u00e9gales D\u00e9couvrez CAAREA, soci\u00e9t\u00e9 de souscription (MGA) et gestion (Insurtech) en (Re)assurance affinitaire automobile, qui renforce la cha\u00eene de valeur de ses partenaires depuis 15 ans.","og_url":"https:\/\/www.caarea.com\/ko\/mentions-legales\/","og_site_name":"Caarea","article_modified_time":"2021-02-12T16:20:37+00:00","twitter_card":"summary_large_image","twitter_misc":{"\uc608\uc0c1 \ub418\ub294 \ud310\ub3c5 \uc2dc\uac04":"3\ubd84"},"schema":{"@context":"https:\/\/schema.org","@graph":[{"@type":"WebPage","@id":"https:\/\/www.caarea.com\/ko\/mentions-legales\/","url":"https:\/\/www.caarea.com\/ko\/mentions-legales\/","name":"Mentions l\u00e9gales - Caarea","isPartOf":{"@id":"https:\/\/www.caarea.com\/#website"},"datePublished":"2019-02-20T17:07:10+00:00","dateModified":"2021-02-12T16:20:37+00:00","description":"Mentions l\u00e9gales D\u00e9couvrez CAAREA, soci\u00e9t\u00e9 de souscription (MGA) et gestion (Insurtech) en (Re)assurance affinitaire automobile, qui renforce la cha\u00eene de valeur de ses partenaires depuis 15 ans.","breadcrumb":{"@id":"https:\/\/www.caarea.com\/ko\/mentions-legales\/#breadcrumb"},"inLanguage":"ko-KR","potentialAction":[{"@type":"ReadAction","target":["https:\/\/www.caarea.com\/ko\/mentions-legales\/"]}]},{"@type":"BreadcrumbList","@id":"https:\/\/www.caarea.com\/ko\/mentions-legales\/#breadcrumb","itemListElement":[{"@type":"ListItem","position":1,"name":"Home","item":"https:\/\/www.caarea.com\/ko\/"},{"@type":"ListItem","position":2,"name":"Mentions l\u00e9gales"}]},{"@type":"WebSite","@id":"https:\/\/www.caarea.com\/#website","url":"https:\/\/www.caarea.com\/","name":"Caarea","description":"","potentialAction":[{"@type":"SearchAction","target":{"@type":"EntryPoint","urlTemplate":"https:\/\/www.caarea.com\/?s={search_term_string}"},"query-input":{"@type":"PropertyValueSpecification","valueRequired":true,"valueName":"search_term_string"}}],"inLanguage":"ko-KR"}]}},"_links":{"self":[{"href":"https:\/\/www.caarea.com\/ko\/wp-json\/wp\/v2\/pages\/767","targetHints":{"allow":["GET"]}}],"collection":[{"href":"https:\/\/www.caarea.com\/ko\/wp-json\/wp\/v2\/pages"}],"about":[{"href":"https:\/\/www.caarea.com\/ko\/wp-json\/wp\/v2\/types\/page"}],"author":[{"embeddable":true,"href":"https:\/\/www.caarea.com\/ko\/wp-json\/wp\/v2\/users\/1"}],"replies":[{"embeddable":true,"href":"https:\/\/www.caarea.com\/ko\/wp-json\/wp\/v2\/comments?post=767"}],"version-history":[{"count":2,"href":"https:\/\/www.caarea.com\/ko\/wp-json\/wp\/v2\/pages\/767\/revisions"}],"predecessor-version":[{"id":769,"href":"https:\/\/www.caarea.com\/ko\/wp-json\/wp\/v2\/pages\/767\/revisions\/769"}],"wp:attachment":[{"href":"https:\/\/www.caarea.com\/ko\/wp-json\/wp\/v2\/media?parent=767"}],"curies":[{"name":"wp","href":"https:\/\/api.w.org\/{rel}","templated":true}]}}